{"id":436,"date":"2022-07-04T14:26:30","date_gmt":"2022-07-04T17:26:30","guid":{"rendered":"https:\/\/lp.agenciafluir.com\/?page_id=436"},"modified":"2024-07-12T13:54:40","modified_gmt":"2024-07-12T16:54:40","slug":"manutencao-de-subestacao","status":"publish","type":"page","link":"https:\/\/jmcprojetos.com.br\/site\/manutencao-de-subestacao\/","title":{"rendered":"Manuten\u00e7\u00e3o de Subesta\u00e7\u00e3o"},"content":{"rendered":"\t\t<div data-elementor-type=\"wp-page\" data-elementor-id=\"436\" class=\"elementor elementor-436\">\n\t\t\t\t<div class=\"elementor-element elementor-element-7ddaf2e e-flex e-con-boxed e-con e-parent\" data-id=\"7ddaf2e\" data-element_type=\"container\" data-e-type=\"container\">\n\t\t\t\t\t<div class=\"e-con-inner\">\n\t\t\t\t\t<\/div>\n\t\t\t\t<\/div>\n\t\t<div class=\"elementor-element elementor-element-5f50c19 e-con-full e-flex e-con e-parent\" data-id=\"5f50c19\" data-element_type=\"container\" data-e-type=\"container\" data-settings=\"{&quot;background_background&quot;:&quot;classic&quot;}\">\n\t\t<div class=\"elementor-element elementor-element-c347e01 e-con-full e-flex e-con e-child\" data-id=\"c347e01\" data-element_type=\"container\" data-e-type=\"container\">\n\t\t\t\t<div class=\"elementor-element elementor-element-93a9de3 elementor-widget elementor-widget-heading\" data-id=\"93a9de3\" data-element_type=\"widget\" data-e-type=\"widget\" data-widget_type=\"heading.default\">\n\t\t\t\t<div class=\"elementor-widget-container\">\n\t\t\t\t\t<h2 class=\"elementor-heading-title elementor-size-default\">Manuten\u00e7\u00e3o de Subesta\u00e7\u00e3o  <\/h2>\t\t\t\t<\/div>\n\t\t\t\t<\/div>\n\t\t\t\t<\/div>\n\t\t<div class=\"elementor-element elementor-element-68a83fe e-con-full e-flex e-con e-child\" data-id=\"68a83fe\" data-element_type=\"container\" data-e-type=\"container\">\n\t\t\t\t<\/div>\n\t\t\t\t<\/div>\n\t\t<div class=\"elementor-element elementor-element-c4bdcb7 e-con-full e-flex e-con e-parent\" data-id=\"c4bdcb7\" data-element_type=\"container\" data-e-type=\"container\">\n\t\t<div class=\"elementor-element elementor-element-2002c57 e-con-full e-flex e-con e-child\" data-id=\"2002c57\" data-element_type=\"container\" data-e-type=\"container\">\n\t\t\t\t<div class=\"elementor-element elementor-element-119b0c6 elementor-widget elementor-widget-heading\" data-id=\"119b0c6\" data-element_type=\"widget\" data-e-type=\"widget\" data-widget_type=\"heading.default\">\n\t\t\t\t<div class=\"elementor-widget-container\">\n\t\t\t\t\t<h2 class=\"elementor-heading-title elementor-size-default\">O que \u00e9...<\/h2>\t\t\t\t<\/div>\n\t\t\t\t<\/div>\n\t\t\t\t<\/div>\n\t\t<div class=\"elementor-element elementor-element-147ad1e e-con-full e-flex e-con e-child\" data-id=\"147ad1e\" data-element_type=\"container\" data-e-type=\"container\">\n\t\t\t\t<div class=\"elementor-element elementor-element-55cace1 elementor-widget elementor-widget-heading\" data-id=\"55cace1\" data-element_type=\"widget\" data-e-type=\"widget\" data-widget_type=\"heading.default\">\n\t\t\t\t<div class=\"elementor-widget-container\">\n\t\t\t\t\t<h2 class=\"elementor-heading-title elementor-size-default\">A manuten\u00e7\u00e3o de subesta\u00e7\u00e3o \u00e9 um conjunto de atividades preventivas e corretivas realizadas com o objetivo de garantir o bom funcionamento dos equipamentos e sistemas presentes em uma subesta\u00e7\u00e3o de energia el\u00e9trica. Essas atividades incluem inspe\u00e7\u00f5es, testes, limpezas e reparos, com o objetivo de evitar falhas e garantir a seguran\u00e7a das pessoas e do patrim\u00f4nio.<\/h2>\t\t\t\t<\/div>\n\t\t\t\t<\/div>\n\t\t\t\t<\/div>\n\t\t\t\t<\/div>\n\t\t<div class=\"elementor-element elementor-element-5edfe3e e-flex e-con-boxed e-con e-parent\" data-id=\"5edfe3e\" data-element_type=\"container\" data-e-type=\"container\">\n\t\t\t\t\t<div class=\"e-con-inner\">\n\t\t<div class=\"elementor-element elementor-element-6fdb291 e-con-full e-flex e-con e-child\" data-id=\"6fdb291\" data-element_type=\"container\" data-e-type=\"container\">\n\t\t\t\t<div class=\"elementor-element elementor-element-27b4646 elementor-widget elementor-widget-heading\" data-id=\"27b4646\" data-element_type=\"widget\" data-e-type=\"widget\" data-widget_type=\"heading.default\">\n\t\t\t\t<div class=\"elementor-widget-container\">\n\t\t\t\t\t<h2 class=\"elementor-heading-title elementor-size-default\">Por que \u00e9 importante...<\/h2>\t\t\t\t<\/div>\n\t\t\t\t<\/div>\n\t\t\t\t<\/div>\n\t\t<div class=\"elementor-element elementor-element-afb5433 e-con-full e-flex e-con e-child\" data-id=\"afb5433\" data-element_type=\"container\" data-e-type=\"container\">\n\t\t\t\t<div class=\"elementor-element elementor-element-e57f185 elementor-widget elementor-widget-heading\" data-id=\"e57f185\" data-element_type=\"widget\" data-e-type=\"widget\" data-widget_type=\"heading.default\">\n\t\t\t\t<div class=\"elementor-widget-container\">\n\t\t\t\t\t<h2 class=\"elementor-heading-title elementor-size-default\">A import\u00e2ncia da manuten\u00e7\u00e3o est\u00e1 relacionada diretamente com a seguran\u00e7a e a confiabilidade do sistema el\u00e9trico. Uma subesta\u00e7\u00e3o \u00e9 respons\u00e1vel pela distribui\u00e7\u00e3o e transforma\u00e7\u00e3o da energia el\u00e9trica, e qualquer falha em seu funcionamento pode levar a interrup\u00e7\u00f5es no fornecimento de energia e at\u00e9 mesmo acidentes graves. Al\u00e9m disso, a falta de manuten\u00e7\u00e3o pode acarretar em perda de efici\u00eancia energ\u00e9tica, aumento de consumo de energia, e consequentemente, aumento de custos.<\/h2>\t\t\t\t<\/div>\n\t\t\t\t<\/div>\n\t\t\t\t<\/div>\n\t\t\t\t\t<\/div>\n\t\t\t\t<\/div>\n\t\t<div class=\"elementor-element elementor-element-ba157a6 e-con-full e-flex e-con e-parent\" data-id=\"ba157a6\" data-element_type=\"container\" data-e-type=\"container\">\n\t\t\t\t<div class=\"elementor-element elementor-element-7020393 elementor-widget elementor-widget-heading\" data-id=\"7020393\" data-element_type=\"widget\" data-e-type=\"widget\" data-widget_type=\"heading.default\">\n\t\t\t\t<div class=\"elementor-widget-container\">\n\t\t\t\t\t<h2 class=\"elementor-heading-title elementor-size-default\">A JMCPROJETOS \u00e9 uma empresa especializada em projetos e servi\u00e7os de engenharia el\u00e9trica, incluindo a manuten\u00e7\u00e3o de subesta\u00e7\u00f5es. Com vasta experi\u00eancia no mercado e equipe t\u00e9cnica altamente qualificada, estamos preparados para oferecer solu\u00e7\u00f5es eficientes e seguras para as mais diversas demandas relacionadas \u00e0 manuten\u00e7\u00e3o de subesta\u00e7\u00f5es, garantindo a tranquilidade e seguran\u00e7a dos seus clientes.<br><br>Clique no bot\u00e3o abaixo e solicite um or\u00e7amento agora mesmo!<\/h2>\t\t\t\t<\/div>\n\t\t\t\t<\/div>\n\t\t\t\t<\/div>\n\t\t\t\t<\/div>\n\t\t","protected":false},"excerpt":{"rendered":"<p>Manuten\u00e7\u00e3o de Subesta\u00e7\u00e3o O que \u00e9&#8230; A manuten\u00e7\u00e3o de subesta\u00e7\u00e3o \u00e9 um conjunto de atividades preventivas e corretivas realizadas com o objetivo de garantir o bom funcionamento dos equipamentos e sistemas presentes em uma subesta\u00e7\u00e3o de energia el\u00e9trica. Essas atividades incluem inspe\u00e7\u00f5es, testes, limpezas e reparos, com o objetivo de evitar falhas e garantir a [&hellip;]<\/p>\n","protected":false},"author":1,"featured_media":0,"parent":0,"menu_order":0,"comment_status":"closed","ping_status":"closed","template":"","meta":{"_joinchat":[],"footnotes":""},"class_list":["post-436","page","type-page","status-publish","hentry"],"_links":{"self":[{"href":"https:\/\/jmcprojetos.com.br\/site\/wp-json\/wp\/v2\/pages\/436","targetHints":{"allow":["GET"]}}],"collection":[{"href":"https:\/\/jmcprojetos.com.br\/site\/wp-json\/wp\/v2\/pages"}],"about":[{"href":"https:\/\/jmcprojetos.com.br\/site\/wp-json\/wp\/v2\/types\/page"}],"author":[{"embeddable":true,"href":"https:\/\/jmcprojetos.com.br\/site\/wp-json\/wp\/v2\/users\/1"}],"replies":[{"embeddable":true,"href":"https:\/\/jmcprojetos.com.br\/site\/wp-json\/wp\/v2\/comments?post=436"}],"version-history":[{"count":52,"href":"https:\/\/jmcprojetos.com.br\/site\/wp-json\/wp\/v2\/pages\/436\/revisions"}],"predecessor-version":[{"id":2315,"href":"https:\/\/jmcprojetos.com.br\/site\/wp-json\/wp\/v2\/pages\/436\/revisions\/2315"}],"wp:attachment":[{"href":"https:\/\/jmcprojetos.com.br\/site\/wp-json\/wp\/v2\/media?parent=436"}],"curies":[{"name":"wp","href":"https:\/\/api.w.org\/{rel}","templated":true}]}}