{"id":508,"date":"2022-07-05T15:59:45","date_gmt":"2022-07-05T18:59:45","guid":{"rendered":"https:\/\/lp.agenciafluir.com\/?page_id=508"},"modified":"2024-12-26T10:52:17","modified_gmt":"2024-12-26T13:52:17","slug":"sobre-nos","status":"publish","type":"page","link":"https:\/\/jmcprojetos.com.br\/site\/sobre-nos\/","title":{"rendered":"Sobre N\u00f3s"},"content":{"rendered":"\t\t<div data-elementor-type=\"wp-page\" data-elementor-id=\"508\" class=\"elementor elementor-508\">\n\t\t\t\t<div class=\"elementor-element elementor-element-7911818 e-con-full elementor-hidden-desktop e-flex e-con e-parent\" data-id=\"7911818\" data-element_type=\"container\" data-e-type=\"container\" data-settings=\"{&quot;background_background&quot;:&quot;classic&quot;}\">\n\t\t\t\t<div class=\"elementor-element elementor-element-81c718c elementor-widget elementor-widget-heading\" data-id=\"81c718c\" data-element_type=\"widget\" data-e-type=\"widget\" data-widget_type=\"heading.default\">\n\t\t\t\t<div class=\"elementor-widget-container\">\n\t\t\t\t\t<h2 class=\"elementor-heading-title elementor-size-default\">Sobre N\u00f3s<\/h2>\t\t\t\t<\/div>\n\t\t\t\t<\/div>\n\t\t\t\t<\/div>\n\t\t<div class=\"elementor-element elementor-element-c815019 e-con-full elementor-hidden-tablet elementor-hidden-mobile e-flex e-con e-parent\" data-id=\"c815019\" data-element_type=\"container\" data-e-type=\"container\" data-settings=\"{&quot;background_background&quot;:&quot;classic&quot;}\">\n\t\t\t\t<div class=\"elementor-element elementor-element-724b640 elementor-widget elementor-widget-heading\" data-id=\"724b640\" data-element_type=\"widget\" data-e-type=\"widget\" data-widget_type=\"heading.default\">\n\t\t\t\t<div class=\"elementor-widget-container\">\n\t\t\t\t\t<h2 class=\"elementor-heading-title elementor-size-default\">Sobre N\u00f3s<\/h2>\t\t\t\t<\/div>\n\t\t\t\t<\/div>\n\t\t\t\t<\/div>\n\t\t<div class=\"elementor-element elementor-element-c1562f4 e-con-full elementor-hidden-mobile e-flex e-con e-parent\" data-id=\"c1562f4\" data-element_type=\"container\" data-e-type=\"container\" data-settings=\"{&quot;shape_divider_bottom&quot;:&quot;curve&quot;}\">\n\t\t\t\t<div class=\"elementor-shape elementor-shape-bottom\" aria-hidden=\"true\" data-negative=\"false\">\n\t\t\t<svg xmlns=\"http:\/\/www.w3.org\/2000\/svg\" viewBox=\"0 0 1000 100\" preserveAspectRatio=\"none\">\n    <path class=\"elementor-shape-fill\" d=\"M1000,4.3V0H0v4.3C0.9,23.1,126.7,99.2,500,100S1000,22.7,1000,4.3z\"\/>\n<\/svg>\t\t<\/div>\n\t\t<div class=\"elementor-element elementor-element-41893eb e-con-full e-flex e-con e-child\" data-id=\"41893eb\" data-element_type=\"container\" data-e-type=\"container\" data-settings=\"{&quot;background_background&quot;:&quot;classic&quot;}\">\n\t\t\t\t<div class=\"elementor-element elementor-element-d42fa2d elementor-view-default elementor-widget elementor-widget-icon\" data-id=\"d42fa2d\" data-element_type=\"widget\" data-e-type=\"widget\" data-widget_type=\"icon.default\">\n\t\t\t\t<div class=\"elementor-widget-container\">\n\t\t\t\t\t\t\t<div class=\"elementor-icon-wrapper\">\n\t\t\t<div class=\"elementor-icon\">\n\t\t\t<i aria-hidden=\"true\" class=\"icon icon-target-2\"><\/i>\t\t\t<\/div>\n\t\t<\/div>\n\t\t\t\t\t\t<\/div>\n\t\t\t\t<\/div>\n\t\t\t\t<div class=\"elementor-element elementor-element-6e0d454 elementor-widget elementor-widget-heading\" data-id=\"6e0d454\" data-element_type=\"widget\" data-e-type=\"widget\" data-widget_type=\"heading.default\">\n\t\t\t\t<div class=\"elementor-widget-container\">\n\t\t\t\t\t<h2 class=\"elementor-heading-title elementor-size-default\">Miss\u00e3o<\/h2>\t\t\t\t<\/div>\n\t\t\t\t<\/div>\n\t\t\t\t<div class=\"elementor-element elementor-element-8aad8f2 elementor-widget elementor-widget-heading\" data-id=\"8aad8f2\" data-element_type=\"widget\" data-e-type=\"widget\" data-widget_type=\"heading.default\">\n\t\t\t\t<div class=\"elementor-widget-container\">\n\t\t\t\t\t<h2 class=\"elementor-heading-title elementor-size-default\">Proporcionar aos nossos clientes solu\u00e7\u00f5es de engenharia el\u00e9trica por meio de consultoria, projetos e treinamento de alta qualidade, que garantam efici\u00eancia, seguran\u00e7a e inova\u00e7\u00e3o contribuindo para o sucesso e a sustentabilidade de suas opera\u00e7\u00f5es.\n<br><br><\/h2>\t\t\t\t<\/div>\n\t\t\t\t<\/div>\n\t\t\t\t<\/div>\n\t\t<div class=\"elementor-element elementor-element-ab9c554 e-con-full e-flex e-con e-child\" data-id=\"ab9c554\" data-element_type=\"container\" data-e-type=\"container\" data-settings=\"{&quot;background_background&quot;:&quot;classic&quot;}\">\n\t\t\t\t<div class=\"elementor-element elementor-element-7c03fc7 elementor-view-default elementor-widget elementor-widget-icon\" data-id=\"7c03fc7\" data-element_type=\"widget\" data-e-type=\"widget\" data-widget_type=\"icon.default\">\n\t\t\t\t<div class=\"elementor-widget-container\">\n\t\t\t\t\t\t\t<div class=\"elementor-icon-wrapper\">\n\t\t\t<div class=\"elementor-icon\">\n\t\t\t<i aria-hidden=\"true\" class=\"far fa-eye\"><\/i>\t\t\t<\/div>\n\t\t<\/div>\n\t\t\t\t\t\t<\/div>\n\t\t\t\t<\/div>\n\t\t\t\t<div class=\"elementor-element elementor-element-0bd7af3 elementor-widget elementor-widget-heading\" data-id=\"0bd7af3\" data-element_type=\"widget\" data-e-type=\"widget\" data-widget_type=\"heading.default\">\n\t\t\t\t<div class=\"elementor-widget-container\">\n\t\t\t\t\t<h2 class=\"elementor-heading-title elementor-size-default\">Vis\u00e3o<\/h2>\t\t\t\t<\/div>\n\t\t\t\t<\/div>\n\t\t\t\t<div class=\"elementor-element elementor-element-e96c727 elementor-widget elementor-widget-heading\" data-id=\"e96c727\" data-element_type=\"widget\" data-e-type=\"widget\" data-widget_type=\"heading.default\">\n\t\t\t\t<div class=\"elementor-widget-container\">\n\t\t\t\t\t<h2 class=\"elementor-heading-title elementor-size-default\">\nSer uma empresa refer\u00eancia em excel\u00eancia na presta\u00e7\u00e3o de servi\u00e7os de engenharia el\u00e9trica, reconhecida por nossa capacidade de inovar, pela qualidade de nossos projetos e pela efic\u00e1cia nos treinamentos, contribuindo para um futuro sustent\u00e1vel e seguro.\n<br><br><\/h2>\t\t\t\t<\/div>\n\t\t\t\t<\/div>\n\t\t\t\t<\/div>\n\t\t<div class=\"elementor-element elementor-element-d4c079d e-con-full e-flex e-con e-child\" data-id=\"d4c079d\" data-element_type=\"container\" data-e-type=\"container\" data-settings=\"{&quot;background_background&quot;:&quot;classic&quot;}\">\n\t\t\t\t<div class=\"elementor-element elementor-element-7c8bd20 elementor-view-default elementor-widget elementor-widget-icon\" data-id=\"7c8bd20\" data-element_type=\"widget\" data-e-type=\"widget\" data-widget_type=\"icon.default\">\n\t\t\t\t<div class=\"elementor-widget-container\">\n\t\t\t\t\t\t\t<div class=\"elementor-icon-wrapper\">\n\t\t\t<div class=\"elementor-icon\">\n\t\t\t<svg xmlns=\"http:\/\/www.w3.org\/2000\/svg\" xmlns:xlink=\"http:\/\/www.w3.org\/1999\/xlink\" id=\"Layer_1\" x=\"0px\" y=\"0px\" viewBox=\"0 0 512.01 512.01\" style=\"enable-background:new 0 0 512.01 512.01;\" xml:space=\"preserve\"><g>\t<g>\t\t<path d=\"M510.025,301.746l-38.11-45.739l38.11-45.739c2.125-2.543,2.577-6.084,1.178-9.079c-1.408-2.995-4.42-4.915-7.731-4.915   H391.403l-7.484-52.403c-0.606-4.207-4.198-7.33-8.448-7.33h-65.178c-10.052-8.38-48.828-40.687-48.828-40.687   c-3.166-2.645-7.757-2.645-10.923,0l-48.828,40.687h-65.178c-4.25,0-7.842,3.123-8.448,7.322l-7.484,52.412H8.538   c-3.311,0-6.323,1.92-7.731,4.915c-1.408,3.004-0.947,6.545,1.178,9.079l38.11,45.739l-38.11,45.739   c-2.125,2.543-2.577,6.084-1.178,9.079c1.408,3.004,4.42,4.915,7.731,4.915h112.068c2.278,15.915,7.492,52.412,7.492,52.412   c0.597,4.207,4.198,7.322,8.439,7.322h65.178l48.828,40.687c1.587,1.323,3.524,1.98,5.461,1.98s3.883-0.657,5.461-1.98   l48.819-40.687c13.261,0,65.203,0.034,65.186,0c4.25,0,7.842-3.123,8.448-7.322c0,0,5.214-36.497,7.492-52.412h112.06   c3.311,0,6.323-1.92,7.731-4.915C512.611,307.821,512.15,304.28,510.025,301.746z M78.785,261.468l31.002,37.205H26.757   l31.002-37.205c2.637-3.166,2.637-7.757,0-10.923L26.757,213.34h83.029l-31.002,37.205   C76.148,253.711,76.148,258.302,78.785,261.468z M347.371,219.373L227.905,338.84c-1.664,1.673-3.849,2.5-6.033,2.5   c-2.185,0-4.369-0.836-6.033-2.5l-59.733-59.733c-3.328-3.328-3.328-8.738,0-12.066l25.6-25.6c3.328-3.328,8.738-3.328,12.066,0   l25.079,25.079c1.664,1.664,4.369,1.664,6.033,0l84.813-84.813c3.328-3.328,8.738-3.328,12.066,0l25.6,25.6   C350.699,210.644,350.699,216.045,347.371,219.373z M402.223,298.674l31.002-37.205c2.637-3.166,2.637-7.757,0-10.923   l-31.002-37.205h83.029l-31.002,37.205c-2.637,3.166-2.637,7.757,0,10.923l31.002,37.205H402.223z\"><\/path>\t<\/g><\/g><g>\t<g>\t\t<path d=\"M326.26,210.328l-7.501-7.501c-1.664-1.664-4.369-1.664-6.033,0l-84.821,84.813c-3.328,3.328-8.738,3.328-12.066,0   l-25.079-25.079c-1.664-1.664-4.369-1.664-6.033,0l-7.501,7.501c-1.664,1.664-1.664,4.369,0,6.033l41.634,41.634   c1.664,1.664,4.369,1.664,6.033,0L326.26,216.361C327.924,214.697,327.924,211.992,326.26,210.328z\"><\/path>\t<\/g><\/g><g><\/g><g><\/g><g><\/g><g><\/g><g><\/g><g><\/g><g><\/g><g><\/g><g><\/g><g><\/g><g><\/g><g><\/g><g><\/g><g><\/g><g><\/g><\/svg>\t\t\t<\/div>\n\t\t<\/div>\n\t\t\t\t\t\t<\/div>\n\t\t\t\t<\/div>\n\t\t\t\t<div class=\"elementor-element elementor-element-9eb4846 elementor-widget elementor-widget-heading\" data-id=\"9eb4846\" data-element_type=\"widget\" data-e-type=\"widget\" data-widget_type=\"heading.default\">\n\t\t\t\t<div class=\"elementor-widget-container\">\n\t\t\t\t\t<h2 class=\"elementor-heading-title elementor-size-default\">Valores<\/h2>\t\t\t\t<\/div>\n\t\t\t\t<\/div>\n\t\t\t\t<div class=\"elementor-element elementor-element-058967d elementor-widget elementor-widget-heading\" data-id=\"058967d\" data-element_type=\"widget\" data-e-type=\"widget\" data-widget_type=\"heading.default\">\n\t\t\t\t<div class=\"elementor-widget-container\">\n\t\t\t\t\t<h2 class=\"elementor-heading-title elementor-size-default\"><b>Qualidade<\/b>: Entregas que superam expectativas.<br>\n<b>Inova\u00e7\u00e3o<\/b>: Solu\u00e7\u00f5es criativas e eficientes.<br>\n<b>Seguran\u00e7a<\/b>: Prioridade em cada etapa.<br>\n<b>Forma\u00e7\u00e3o Cont\u00ednua<\/b>: Aprendizado constante.<br>\n<b>Sustentabilidade<\/b>:Compromisso com o futuro.<br><br><br><\/h2>\t\t\t\t<\/div>\n\t\t\t\t<\/div>\n\t\t\t\t<\/div>\n\t\t\t\t<\/div>\n\t\t<div class=\"elementor-element elementor-element-18d5bf7 elementor-hidden-desktop elementor-hidden-tablet e-flex e-con-boxed e-con e-parent\" data-id=\"18d5bf7\" data-element_type=\"container\" data-e-type=\"container\">\n\t\t\t\t\t<div class=\"e-con-inner\">\n\t\t\t\t<div class=\"elementor-element elementor-element-cb750fb elementor-widget elementor-widget-accordion\" data-id=\"cb750fb\" data-element_type=\"widget\" data-e-type=\"widget\" data-widget_type=\"accordion.default\">\n\t\t\t\t<div class=\"elementor-widget-container\">\n\t\t\t\t\t\t\t<div class=\"elementor-accordion\">\n\t\t\t\t\t\t\t<div class=\"elementor-accordion-item\">\n\t\t\t\t\t<div id=\"elementor-tab-title-2131\" class=\"elementor-tab-title\" data-tab=\"1\" role=\"button\" aria-controls=\"elementor-tab-content-2131\" aria-expanded=\"false\">\n\t\t\t\t\t\t\t\t\t\t\t\t\t<span class=\"elementor-accordion-icon elementor-accordion-icon-left\" aria-hidden=\"true\">\n\t\t\t\t\t\t\t\t\t\t\t\t\t\t\t<span class=\"elementor-accordion-icon-closed\"><i class=\"fas fa-plus\"><\/i><\/span>\n\t\t\t\t\t\t\t\t<span class=\"elementor-accordion-icon-opened\"><i class=\"fas fa-minus\"><\/i><\/span>\n\t\t\t\t\t\t\t\t\t\t\t\t\t\t<\/span>\n\t\t\t\t\t\t\t\t\t\t\t\t<a class=\"elementor-accordion-title\" tabindex=\"0\">Miss\u00e3o<\/a>\n\t\t\t\t\t<\/div>\n\t\t\t\t\t<div id=\"elementor-tab-content-2131\" class=\"elementor-tab-content elementor-clearfix\" data-tab=\"1\" role=\"region\" aria-labelledby=\"elementor-tab-title-2131\"><p class=\"elementor-heading-title elementor-size-default\">Proporcionar aos nossos clientes consultoria, projetos e treinamento com qualidade.<\/p><\/div>\n\t\t\t\t<\/div>\n\t\t\t\t\t\t\t<div class=\"elementor-accordion-item\">\n\t\t\t\t\t<div id=\"elementor-tab-title-2132\" class=\"elementor-tab-title\" data-tab=\"2\" role=\"button\" aria-controls=\"elementor-tab-content-2132\" aria-expanded=\"false\">\n\t\t\t\t\t\t\t\t\t\t\t\t\t<span class=\"elementor-accordion-icon elementor-accordion-icon-left\" aria-hidden=\"true\">\n\t\t\t\t\t\t\t\t\t\t\t\t\t\t\t<span class=\"elementor-accordion-icon-closed\"><i class=\"fas fa-plus\"><\/i><\/span>\n\t\t\t\t\t\t\t\t<span class=\"elementor-accordion-icon-opened\"><i class=\"fas fa-minus\"><\/i><\/span>\n\t\t\t\t\t\t\t\t\t\t\t\t\t\t<\/span>\n\t\t\t\t\t\t\t\t\t\t\t\t<a class=\"elementor-accordion-title\" tabindex=\"0\">Vis\u00e3o<\/a>\n\t\t\t\t\t<\/div>\n\t\t\t\t\t<div id=\"elementor-tab-content-2132\" class=\"elementor-tab-content elementor-clearfix\" data-tab=\"2\" role=\"region\" aria-labelledby=\"elementor-tab-title-2132\"><p class=\"elementor-heading-title elementor-size-default\">Proporcionar aos nossos clientes consultoria, projetos e treinamento com qualidade.<\/p><\/div>\n\t\t\t\t<\/div>\n\t\t\t\t\t\t\t<div class=\"elementor-accordion-item\">\n\t\t\t\t\t<div id=\"elementor-tab-title-2133\" class=\"elementor-tab-title\" data-tab=\"3\" role=\"button\" aria-controls=\"elementor-tab-content-2133\" aria-expanded=\"false\">\n\t\t\t\t\t\t\t\t\t\t\t\t\t<span class=\"elementor-accordion-icon elementor-accordion-icon-left\" aria-hidden=\"true\">\n\t\t\t\t\t\t\t\t\t\t\t\t\t\t\t<span class=\"elementor-accordion-icon-closed\"><i class=\"fas fa-plus\"><\/i><\/span>\n\t\t\t\t\t\t\t\t<span class=\"elementor-accordion-icon-opened\"><i class=\"fas fa-minus\"><\/i><\/span>\n\t\t\t\t\t\t\t\t\t\t\t\t\t\t<\/span>\n\t\t\t\t\t\t\t\t\t\t\t\t<a class=\"elementor-accordion-title\" tabindex=\"0\">Valores<\/a>\n\t\t\t\t\t<\/div>\n\t\t\t\t\t<div id=\"elementor-tab-content-2133\" class=\"elementor-tab-content elementor-clearfix\" data-tab=\"3\" role=\"region\" aria-labelledby=\"elementor-tab-title-2133\"><p class=\"elementor-heading-title elementor-size-default\">Atender a expectativa do cliente; Manter sempre os mais elevados padr\u00f5es \u00e9ticos.<\/p><\/div>\n\t\t\t\t<\/div>\n\t\t\t\t\t\t\t\t<\/div>\n\t\t\t\t\t\t<\/div>\n\t\t\t\t<\/div>\n\t\t\t\t\t<\/div>\n\t\t\t\t<\/div>\n\t\t<div class=\"elementor-element elementor-element-88c299a e-con-full e-flex e-con e-parent\" data-id=\"88c299a\" data-element_type=\"container\" data-e-type=\"container\">\n\t\t<div class=\"elementor-element elementor-element-602cc31 e-con-full e-flex e-con e-child\" data-id=\"602cc31\" data-element_type=\"container\" data-e-type=\"container\">\n\t\t\t\t<div class=\"elementor-element elementor-element-eb23d23 elementor-widget elementor-widget-image\" data-id=\"eb23d23\" data-element_type=\"widget\" data-e-type=\"widget\" data-widget_type=\"image.default\">\n\t\t\t\t<div class=\"elementor-widget-container\">\n\t\t\t\t\t\t\t\t\t\t\t\t\t\t\t<img fetchpriority=\"high\" decoding=\"async\" width=\"612\" height=\"408\" src=\"https:\/\/jmcprojetos.com.br\/site\/wp-content\/uploads\/2022\/07\/hands-holding-puzzle-business-problem-solving-concept__1_-removebg-preview.png\" class=\"attachment-large size-large wp-image-1379\" alt=\"\" srcset=\"https:\/\/jmcprojetos.com.br\/site\/wp-content\/uploads\/2022\/07\/hands-holding-puzzle-business-problem-solving-concept__1_-removebg-preview.png 612w, https:\/\/jmcprojetos.com.br\/site\/wp-content\/uploads\/2022\/07\/hands-holding-puzzle-business-problem-solving-concept__1_-removebg-preview-300x200.png 300w\" sizes=\"(max-width: 612px) 100vw, 612px\" \/>\t\t\t\t\t\t\t\t\t\t\t\t\t\t\t<\/div>\n\t\t\t\t<\/div>\n\t\t\t\t<\/div>\n\t\t<div class=\"elementor-element elementor-element-5d1ca1f e-con-full e-flex e-con e-child\" data-id=\"5d1ca1f\" data-element_type=\"container\" data-e-type=\"container\">\n\t\t\t\t<div class=\"elementor-element elementor-element-baf1d0d elementor-widget elementor-widget-heading\" data-id=\"baf1d0d\" data-element_type=\"widget\" data-e-type=\"widget\" data-widget_type=\"heading.default\">\n\t\t\t\t<div class=\"elementor-widget-container\">\n\t\t\t\t\t<h2 class=\"elementor-heading-title elementor-size-default\">Somos uma empresa de Engenharia e Servi\u00e7os comprometida em fornecer solu\u00e7\u00f5es inovadoras e eficientes para o setor el\u00e9trico h\u00e1 mais de 14 anos. Nossa equipe \u00e9 formada por profissionais altamente qualificados e experientes, prontos para atender \u00e0s demandas do mercado e contribuir para o progresso do setor.<br><br>Com sede em Salvador\/BA, atuamos em todo o territ\u00f3rio nacional, oferecendo servi\u00e7os de consultoria, projetos, instala\u00e7\u00e3o, manuten\u00e7\u00e3o e reparo de sistemas el\u00e9tricos. Nosso compromisso com a excel\u00eancia e qualidade \u00e9 refletido em cada projeto entregue aos nossos clientes.\n\n<\/h2>\t\t\t\t<\/div>\n\t\t\t\t<\/div>\n\t\t\t\t<\/div>\n\t\t\t\t<\/div>\n\t\t<div class=\"elementor-element elementor-element-60986b2 e-con-full e-flex e-con e-parent\" data-id=\"60986b2\" data-element_type=\"container\" data-e-type=\"container\">\n\t\t<div class=\"elementor-element elementor-element-dfd1a8a e-con-full e-flex e-con e-child\" data-id=\"dfd1a8a\" data-element_type=\"container\" data-e-type=\"container\">\n\t\t\t\t<div class=\"elementor-element elementor-element-99bc8fb elementor-widget elementor-widget-heading\" data-id=\"99bc8fb\" data-element_type=\"widget\" data-e-type=\"widget\" data-widget_type=\"heading.default\">\n\t\t\t\t<div class=\"elementor-widget-container\">\n\t\t\t\t\t<h2 class=\"elementor-heading-title elementor-size-default\">Nossos Principais Servi\u00e7os<\/h2>\t\t\t\t<\/div>\n\t\t\t\t<\/div>\n\t\t\t\t<\/div>\n\t\t<div class=\"elementor-element elementor-element-1c21074 e-con-full e-flex e-con e-child\" data-id=\"1c21074\" data-element_type=\"container\" data-e-type=\"container\">\n\t\t\t\t<div class=\"elementor-element elementor-element-d6f3bb8 elementor-widget elementor-widget-heading\" data-id=\"d6f3bb8\" data-element_type=\"widget\" data-e-type=\"widget\" data-widget_type=\"heading.default\">\n\t\t\t\t<div class=\"elementor-widget-container\">\n\t\t\t\t\t<h2 class=\"elementor-heading-title elementor-size-default\">\u2022Termografia<br>\n\u2022Laudo de SPDA<br>\n\u2022Projeto El\u00e9trico<br>\n\u2022Prontu\u00e1rio NR-10<br>\n\u2022Projeto PPCI-AVCB<br>\n\u2022Inspe\u00e7\u00e3o de Equipamentos<br>\n\u2022Servi\u00e7os El\u00e9tricos em Geral<br>\n\u2022Manuten\u00e7\u00e3o de Subesta\u00e7\u00e3o <br>\u2022Manuten\u00e7\u00e3o de Grupo Gerador<\/h2>\t\t\t\t<\/div>\n\t\t\t\t<\/div>\n\t\t\t\t<\/div>\n\t\t\t\t<\/div>\n\t\t<div class=\"elementor-element elementor-element-5274e04 e-con-full e-flex e-con e-parent\" data-id=\"5274e04\" data-element_type=\"container\" data-e-type=\"container\" data-settings=\"{&quot;background_background&quot;:&quot;classic&quot;}\">\n\t\t<div class=\"elementor-element elementor-element-d7f7fc5 e-con-full e-flex e-con e-child\" data-id=\"d7f7fc5\" data-element_type=\"container\" data-e-type=\"container\">\n\t\t\t\t<div class=\"elementor-element elementor-element-94f24af elementor-widget elementor-widget-heading\" data-id=\"94f24af\" data-element_type=\"widget\" data-e-type=\"widget\" data-widget_type=\"heading.default\">\n\t\t\t\t<div class=\"elementor-widget-container\">\n\t\t\t\t\t<h2 class=\"elementor-heading-title elementor-size-default\">Se voc\u00ea est\u00e1 procurando uma empresa de Engenharia e Servi\u00e7os confi\u00e1vel e experiente para ajud\u00e1-lo a alcan\u00e7ar seus objetivos de neg\u00f3cios no setor el\u00e9trico, entre em contato conosco. Teremos o prazer de discutir suas necessidades e fornecer solu\u00e7\u00f5es que atendam \u00e0s suas expectativas e excedam suas expectativas. Para mais informa\u00e7\u00f5es, entre em contato conosco atrav\u00e9s do nosso site ou dos nossos canais de atendimento ao cliente. Estamos ansiosos para trabalhar com voc\u00ea.<\/h2>\t\t\t\t<\/div>\n\t\t\t\t<\/div>\n\t\t\t\t<\/div>\n\t\t<div class=\"elementor-element elementor-element-dc5584b e-con-full e-flex e-con e-child\" data-id=\"dc5584b\" data-element_type=\"container\" data-e-type=\"container\">\n\t\t\t\t<div class=\"elementor-element elementor-element-ab8bd38 elementor-widget elementor-widget-heading\" data-id=\"ab8bd38\" data-element_type=\"widget\" data-e-type=\"widget\" data-widget_type=\"heading.default\">\n\t\t\t\t<div class=\"elementor-widget-container\">\n\t\t\t\t\t<h2 class=\"elementor-heading-title elementor-size-default\">Para mais informa\u00e7\u00f5es entre em contato conosco<\/h2>\t\t\t\t<\/div>\n\t\t\t\t<\/div>\n\t\t\t\t<div class=\"elementor-element elementor-element-8eadc06 elementor-widget elementor-widget-form\" data-id=\"8eadc06\" data-element_type=\"widget\" data-e-type=\"widget\" data-widget_type=\"form.default\">\n\t\t\t\t<div class=\"elementor-widget-container\">\n\t\t\t\t\t \t\t\t\t<\/div>\n\t\t\t\t<\/div>\n\t\t\t\t<\/div>\n\t\t\t\t<\/div>\n\t\t\t\t<\/div>\n\t\t","protected":false},"excerpt":{"rendered":"<p>Sobre N\u00f3s Sobre N\u00f3s Miss\u00e3o Proporcionar aos nossos clientes solu\u00e7\u00f5es de engenharia el\u00e9trica por meio de consultoria, projetos e treinamento de alta qualidade, que garantam efici\u00eancia, seguran\u00e7a e inova\u00e7\u00e3o contribuindo para o sucesso e a sustentabilidade de suas opera\u00e7\u00f5es. Vis\u00e3o Ser uma empresa refer\u00eancia em excel\u00eancia na presta\u00e7\u00e3o de servi\u00e7os de engenharia el\u00e9trica, reconhecida por [&hellip;]<\/p>\n","protected":false},"author":1,"featured_media":0,"parent":0,"menu_order":0,"comment_status":"closed","ping_status":"closed","template":"elementor_header_footer","meta":{"_joinchat":[],"footnotes":""},"class_list":["post-508","page","type-page","status-publish","hentry"],"_links":{"self":[{"href":"https:\/\/jmcprojetos.com.br\/site\/wp-json\/wp\/v2\/pages\/508","targetHints":{"allow":["GET"]}}],"collection":[{"href":"https:\/\/jmcprojetos.com.br\/site\/wp-json\/wp\/v2\/pages"}],"about":[{"href":"https:\/\/jmcprojetos.com.br\/site\/wp-json\/wp\/v2\/types\/page"}],"author":[{"embeddable":true,"href":"https:\/\/jmcprojetos.com.br\/site\/wp-json\/wp\/v2\/users\/1"}],"replies":[{"embeddable":true,"href":"https:\/\/jmcprojetos.com.br\/site\/wp-json\/wp\/v2\/comments?post=508"}],"version-history":[{"count":154,"href":"https:\/\/jmcprojetos.com.br\/site\/wp-json\/wp\/v2\/pages\/508\/revisions"}],"predecessor-version":[{"id":2458,"href":"https:\/\/jmcprojetos.com.br\/site\/wp-json\/wp\/v2\/pages\/508\/revisions\/2458"}],"wp:attachment":[{"href":"https:\/\/jmcprojetos.com.br\/site\/wp-json\/wp\/v2\/media?parent=508"}],"curies":[{"name":"wp","href":"https:\/\/api.w.org\/{rel}","templated":true}]}}